{"id":1157,"date":"2023-10-26T16:40:46","date_gmt":"2023-10-26T14:40:46","guid":{"rendered":"https:\/\/namazme.com\/my-account-2\/"},"modified":"2025-06-15T23:53:14","modified_gmt":"2025-06-15T21:53:14","slug":"my-account","status":"publish","type":"page","link":"https:\/\/namazme.com\/en\/my-account\/","title":{"rendered":"My account"},"content":{"rendered":"<p>[et_pb_section fb_built=&#8221;1&#8243; admin_label=&#8221;section&#8221; _builder_version=&#8221;4.16&#8243; global_colors_info=&#8221;{}&#8221;][et_pb_row _builder_version=&#8221;4.23&#8243; _module_preset=&#8221;default&#8221; global_colors_info=&#8221;{}&#8221;][et_pb_column type=&#8221;4_4&#8243; _builder_version=&#8221;4.23&#8243; _module_preset=&#8221;default&#8221; global_colors_info=&#8221;{}&#8221;][et_pb_text _builder_version=&#8221;4.23&#8243; _module_preset=&#8221;default&#8221; global_colors_info=&#8221;{}&#8221;]<\/p>\n<h1 style=\"text-align: left;\"><strong>My account&#8221;<\/strong> dashboard  <\/h1>\n<p>[\/et_pb_text][\/et_pb_column][\/et_pb_row][et_pb_row column_structure=&#8221;1_4,3_4&#8243; use_custom_gutter=&#8221;on&#8221; gutter_width=&#8221;1&#8243; _builder_version=&#8221;4.23&#8243; _module_preset=&#8221;default&#8221; custom_padding=&#8221;||0px|||&#8221; global_colors_info=&#8221;{}&#8221;][et_pb_column type=&#8221;1_4&#8243; _builder_version=&#8221;4.23&#8243; _module_preset=&#8221;default&#8221; global_colors_info=&#8221;{}&#8221;][et_pb_text _builder_version=&#8221;4.23.1&#8243; _module_preset=&#8221;default&#8221; text_font_size=&#8221;15px&#8221; text_line_height=&#8221;2.5em&#8221; text_orientation=&#8221;center&#8221; custom_margin=&#8221;||10px||false|false&#8221; link_option_url=&#8221;https:\/\/namazme.com\/en\/my-account\/&#8221; border_color_all=&#8221;#282828&#8243; global_colors_info=&#8221;{}&#8221;]<\/p>\n<p style=\"text-align: left;\"><i class=\"fa-regular fa-user\"><\/i><span style=\"color: #b0a06c;\"><strong>  | Account details<br \/><\/strong><\/span><\/p>\n<p>[\/et_pb_text][et_pb_text _builder_version=&#8221;4.23.1&#8243; _module_preset=&#8221;default&#8221; text_font_size=&#8221;15px&#8221; text_line_height=&#8221;2.5em&#8221; text_orientation=&#8221;center&#8221; custom_margin=&#8221;||10px||false|false&#8221; link_option_url=&#8221;https:\/\/namazme.com\/en\/my-account\/&#8221; border_color_all=&#8221;#282828&#8243; global_colors_info=&#8221;{}&#8221;]<\/p>\n<p style=\"text-align: left;\"><i class=\"fa-regular fa-clipboard\"><\/i> <span style=\"color: #b0a06c;\"><strong>| <\/strong><\/span><span style=\"color: #b0a06c;\"><strong>My orders<\/strong><\/span><\/p>\n<p>[\/et_pb_text][et_pb_text _builder_version=&#8221;4.23.1&#8243; _module_preset=&#8221;default&#8221; text_font_size=&#8221;15px&#8221; text_line_height=&#8221;2.5em&#8221; text_orientation=&#8221;center&#8221; custom_margin=&#8221;||10px||false|false&#8221; link_option_url=&#8221;https:\/\/namazme.com\/en\/my-account\/&#8221; border_color_all=&#8221;#282828&#8243; global_colors_info=&#8221;{}&#8221;]<\/p>\n<p style=\"text-align: left;\"><i class=\"fa-solid fa-earth-americas\"><\/i> <span style=\"color: #b0a06c;\"><strong>| <\/strong><\/span><span style=\"color: #b0a06c;\"><strong>My addresses<br \/><\/strong><\/span><\/p>\n<p>[\/et_pb_text][et_pb_text _builder_version=&#8221;4.23.1&#8243; _module_preset=&#8221;default&#8221; text_font_size=&#8221;15px&#8221; text_line_height=&#8221;2.5em&#8221; text_orientation=&#8221;center&#8221; module_alignment=&#8221;center&#8221; custom_margin=&#8221;||10px||false|false&#8221; custom_padding=&#8221;0px|0px|0px|0px|true|true&#8221; link_option_url=&#8221;https:\/\/namazme.com\/en\/my-account\/&#8221; border_color_all=&#8221;#282828&#8243; global_colors_info=&#8221;{}&#8221;]<\/p>\n<p style=\"text-align: left;\"><i class=\"fa-regular fa-credit-card\"><\/i> <span style=\"color: #b0a06c;\"><strong>| <\/strong><\/span><span style=\"color: #b0a06c;\"><strong>My payment methods<br \/>\n<\/strong><\/span><\/p>\n<p>[\/et_pb_text][et_pb_text _builder_version=&#8221;4.23.1&#8243; _module_preset=&#8221;default&#8221; text_font_size=&#8221;15px&#8221; text_line_height=&#8221;2.5em&#8221; text_orientation=&#8221;center&#8221; module_alignment=&#8221;center&#8221; custom_margin=&#8221;||10px||false|false&#8221; custom_padding=&#8221;0px|0px|0px|0px|true|true&#8221; link_option_url=&#8221;https:\/\/namazme.com\/en\/my-account\/&#8221; border_color_all=&#8221;#282828&#8243; global_colors_info=&#8221;{}&#8221;]<\/p>\n<p style=\"text-align: left;\"><i class=\"fa-solid fa-key\"><\/i> <span style=\"color: #b0a06c;\"><strong>| <\/strong><\/span><span style=\"color: #b0a06c;\"><strong>Lost password<br \/><\/strong><\/span><\/p>\n<p>[\/et_pb_text][et_pb_text _builder_version=&#8221;4.23.1&#8243; _module_preset=&#8221;default&#8221; text_font_size=&#8221;15px&#8221; text_line_height=&#8221;2.5em&#8221; text_orientation=&#8221;center&#8221; module_alignment=&#8221;center&#8221; custom_margin=&#8221;||10px||false|false&#8221; custom_padding=&#8221;0px|0px|0px|0px|true|true&#8221; link_option_url=&#8221;https:\/\/namazme.com\/en\/my-account\/?_wpnonce=6d549e8308&#8243; border_color_all=&#8221;#282828&#8243; global_colors_info=&#8221;{}&#8221;]<\/p>\n<p style=\"text-align: left;\"><i class=\"fa-solid fa-power-off\"><\/i> <span style=\"color: #b0a06c;\"><strong>| <\/strong><\/span><span style=\"color: #b0a06c;\"><strong>Log off<br \/><\/strong><\/span><\/p>\n<p>[\/et_pb_text][\/et_pb_column][et_pb_column type=&#8221;3_4&#8243; _builder_version=&#8221;4.23&#8243; _module_preset=&#8221;default&#8221; global_colors_info=&#8221;{}&#8221;][et_pb_text admin_label=&#8221;Text&#8221; _builder_version=&#8221;4.16&#8243; background_size=&#8221;initial&#8221; background_position=&#8221;top_left&#8221; background_repeat=&#8221;repeat&#8221; global_colors_info=&#8221;{}&#8221;]<\/p>\n<p>\n<div class=\"woocommerce\"><\/div>\n<\/p>\n<p>[\/et_pb_text][\/et_pb_column][\/et_pb_row][et_pb_row _builder_version=&#8221;4.23.1&#8243; _module_preset=&#8221;default&#8221; global_colors_info=&#8221;{}&#8221;][et_pb_column type=&#8221;4_4&#8243; _builder_version=&#8221;4.23.1&#8243; _module_preset=&#8221;default&#8221; global_colors_info=&#8221;{}&#8221;][et_pb_divider _builder_version=&#8221;4.23.1&#8243; _module_preset=&#8221;default&#8221; custom_margin=&#8221;||9px|||&#8221; global_colors_info=&#8221;{}&#8221;][\/et_pb_divider][et_pb_text content_tablet=&#8221;<\/p>\n<h3><strong>Payment methods<\/strong><\/h3>\n<h5>Visa <span style=%22color: #b0a06c;%22>|<\/span> Master Card <span style=%22color: #b0a06c;%22>|<\/span> Revolut Pay <span style=%22color: #b0a06c;%22>|<\/span> Apple Pay <span style=%22color: #b0a06c;%22>|<\/span> Google Pay<\/h5>\n<p>&#8221; content_phone=&#8221;<\/p>\n<h3><strong>Payment methods<\/strong><\/h3>\n<p style=%22text-align: left;%22>Visa <span style=%22color: #b0a06c;%22>|<\/span> Master Card <span style=%22color: #b0a06c;%22>|<\/span> Revolut Pay<br \/>Apple Pay <span style=%22color: #b0a06c;%22>|<\/span> Google Pay<\/p>\n<p>&#8221; content_last_edited=&#8221;on|desktop&#8221; _builder_version=&#8221;4.23.1&#8243; _module_preset=&#8221;default&#8221; hover_enabled=&#8221;0&#8243; global_colors_info=&#8221;{}&#8221; sticky_enabled=&#8221;0&#8243;]<\/p>\n<h3><strong>Accepted payment methods<\/strong><\/h3>\n<ul class=\"List default\" style=\"column-count: 1;\">\n<li>Apple pay<\/li>\n<li>Google Pay<\/li>\n<li>Visa<\/li>\n<li>Mastercard<\/li>\n<li class=\"\">American Express (except in India)<\/li>\n<li class=\"\">China UnionPay (CUP)<\/li>\n<li class=\"\">Discover and Diners Club<\/li>\n<li class=\"\">Japan Credit Bureau (JCB)<\/li>\n<\/ul>\n<p>[\/et_pb_text][\/et_pb_column][\/et_pb_row][\/et_pb_section]<\/p>\n","protected":false},"excerpt":{"rendered":"<p>My account&#8221; dashboard | Account details | My orders | My addresses | My payment methods | Lost password | Log off <div class=\"woocommerce\"><\/div> Accepted payment methods Apple pay Google Pay Visa Mastercard American Express (except in India) China UnionPay (CUP) Discover and Diners Club Japan Credit Bureau (JCB)<\/p>\n","protected":false},"author":1,"featured_media":0,"parent":0,"menu_order":0,"comment_status":"closed","ping_status":"closed","template":"","meta":{"_et_pb_use_builder":"on","_et_pb_old_content":"","_et_gb_content_width":"","footnotes":""},"class_list":["post-1157","page","type-page","status-publish","hentry"],"yoast_head":"<!-- This site is optimized with the Yoast SEO plugin v27.4 - https:\/\/yoast.com\/product\/yoast-seo-wordpress\/ -->\n<title>Namazm\u00e9 | % My account<\/title>\n<meta name=\"description\" content=\"\u00c9toles 100% Cachemire, 100% Laine, toute la collection namazm\u00e9 est issue des meilleures fibres soigneusement d\u00e9nich\u00e9es.\" \/>\n<meta name=\"robots\" content=\"index, follow, max-snippet:-1, max-image-preview:large, max-video-preview:-1\" \/>\n<link rel=\"canonical\" href=\"https:\/\/namazme.com\/en\/my-account\/\" \/>\n<meta property=\"og:locale\" content=\"en_US\" \/>\n<meta property=\"og:type\" content=\"article\" \/>\n<meta property=\"og:title\" content=\"Namazm\u00e9 | % My account\" \/>\n<meta property=\"og:description\" content=\"\u00c9toles 100% Cachemire, 100% Laine, toute la collection namazm\u00e9 est issue des meilleures fibres soigneusement d\u00e9nich\u00e9es.\" \/>\n<meta property=\"og:url\" content=\"https:\/\/namazme.com\/en\/my-account\/\" \/>\n<meta property=\"og:site_name\" content=\"Namazm\u00e9\" \/>\n<meta property=\"article:publisher\" content=\"https:\/\/www.facebook.com\/namazme.shop\" \/>\n<meta property=\"article:modified_time\" content=\"2025-06-15T21:53:14+00:00\" \/>\n<meta name=\"twitter:card\" content=\"summary_large_image\" \/>\n<meta name=\"twitter:label1\" content=\"Est. reading time\" \/>\n\t<meta name=\"twitter:data1\" content=\"3 minutes\" \/>\n<script type=\"application\/ld+json\" class=\"yoast-schema-graph\">{\"@context\":\"https:\\\/\\\/schema.org\",\"@graph\":[{\"@type\":\"WebPage\",\"@id\":\"https:\\\/\\\/namazme.com\\\/en\\\/my-account\\\/\",\"url\":\"https:\\\/\\\/namazme.com\\\/en\\\/my-account\\\/\",\"name\":\"Namazm\u00e9 | % My account\",\"isPartOf\":{\"@id\":\"https:\\\/\\\/namazme.com\\\/en\\\/#website\"},\"datePublished\":\"2023-10-26T14:40:46+00:00\",\"dateModified\":\"2025-06-15T21:53:14+00:00\",\"description\":\"\u00c9toles 100% Cachemire, 100% Laine, toute la collection namazm\u00e9 est issue des meilleures fibres soigneusement d\u00e9nich\u00e9es.\",\"breadcrumb\":{\"@id\":\"https:\\\/\\\/namazme.com\\\/en\\\/my-account\\\/#breadcrumb\"},\"inLanguage\":\"en-US\",\"potentialAction\":[{\"@type\":\"ReadAction\",\"target\":[\"https:\\\/\\\/namazme.com\\\/en\\\/my-account\\\/\"]}]},{\"@type\":\"BreadcrumbList\",\"@id\":\"https:\\\/\\\/namazme.com\\\/en\\\/my-account\\\/#breadcrumb\",\"itemListElement\":[{\"@type\":\"ListItem\",\"position\":1,\"name\":\"Accueil\",\"item\":\"https:\\\/\\\/namazme.com\\\/en\\\/home\\\/\"},{\"@type\":\"ListItem\",\"position\":2,\"name\":\"My account\"}]},{\"@type\":\"WebSite\",\"@id\":\"https:\\\/\\\/namazme.com\\\/en\\\/#website\",\"url\":\"https:\\\/\\\/namazme.com\\\/en\\\/\",\"name\":\"Namazm\u00e9\",\"description\":\"\u00c9toles 100% Cachemire, 100% Laine\",\"publisher\":{\"@id\":\"https:\\\/\\\/namazme.com\\\/en\\\/#organization\"},\"alternateName\":\"namazm\u00e9\",\"potentialAction\":[{\"@type\":\"SearchAction\",\"target\":{\"@type\":\"EntryPoint\",\"urlTemplate\":\"https:\\\/\\\/namazme.com\\\/en\\\/?s={search_term_string}\"},\"query-input\":{\"@type\":\"PropertyValueSpecification\",\"valueRequired\":true,\"valueName\":\"search_term_string\"}}],\"inLanguage\":\"en-US\"},{\"@type\":\"Organization\",\"@id\":\"https:\\\/\\\/namazme.com\\\/en\\\/#organization\",\"name\":\"Namazm\u00e9\",\"alternateName\":\"namazme\",\"url\":\"https:\\\/\\\/namazme.com\\\/en\\\/\",\"logo\":{\"@type\":\"ImageObject\",\"inLanguage\":\"en-US\",\"@id\":\"https:\\\/\\\/namazme.com\\\/en\\\/#\\\/schema\\\/logo\\\/image\\\/\",\"url\":\"https:\\\/\\\/namazme.com\\\/wp-content\\\/uploads\\\/2023\\\/11\\\/namazme-icone-380px-carre-Noir.png\",\"contentUrl\":\"https:\\\/\\\/namazme.com\\\/wp-content\\\/uploads\\\/2023\\\/11\\\/namazme-icone-380px-carre-Noir.png\",\"width\":380,\"height\":380,\"caption\":\"Namazm\u00e9\"},\"image\":{\"@id\":\"https:\\\/\\\/namazme.com\\\/en\\\/#\\\/schema\\\/logo\\\/image\\\/\"},\"sameAs\":[\"https:\\\/\\\/www.facebook.com\\\/namazme.shop\",\"https:\\\/\\\/www.instagram.com\\\/namazme.shop\",\"https:\\\/\\\/www.pinterest.fr\\\/Namazme\\\/\"]}]}<\/script>\n<!-- \/ Yoast SEO plugin. -->","yoast_head_json":{"title":"Namazm\u00e9 | % My account","description":"\u00c9toles 100% Cachemire, 100% Laine, toute la collection namazm\u00e9 est issue des meilleures fibres soigneusement d\u00e9nich\u00e9es.","robots":{"index":"index","follow":"follow","max-snippet":"max-snippet:-1","max-image-preview":"max-image-preview:large","max-video-preview":"max-video-preview:-1"},"canonical":"https:\/\/namazme.com\/en\/my-account\/","og_locale":"en_US","og_type":"article","og_title":"Namazm\u00e9 | % My account","og_description":"\u00c9toles 100% Cachemire, 100% Laine, toute la collection namazm\u00e9 est issue des meilleures fibres soigneusement d\u00e9nich\u00e9es.","og_url":"https:\/\/namazme.com\/en\/my-account\/","og_site_name":"Namazm\u00e9","article_publisher":"https:\/\/www.facebook.com\/namazme.shop","article_modified_time":"2025-06-15T21:53:14+00:00","twitter_card":"summary_large_image","twitter_misc":{"Est. reading time":"3 minutes"},"schema":{"@context":"https:\/\/schema.org","@graph":[{"@type":"WebPage","@id":"https:\/\/namazme.com\/en\/my-account\/","url":"https:\/\/namazme.com\/en\/my-account\/","name":"Namazm\u00e9 | % My account","isPartOf":{"@id":"https:\/\/namazme.com\/en\/#website"},"datePublished":"2023-10-26T14:40:46+00:00","dateModified":"2025-06-15T21:53:14+00:00","description":"\u00c9toles 100% Cachemire, 100% Laine, toute la collection namazm\u00e9 est issue des meilleures fibres soigneusement d\u00e9nich\u00e9es.","breadcrumb":{"@id":"https:\/\/namazme.com\/en\/my-account\/#breadcrumb"},"inLanguage":"en-US","potentialAction":[{"@type":"ReadAction","target":["https:\/\/namazme.com\/en\/my-account\/"]}]},{"@type":"BreadcrumbList","@id":"https:\/\/namazme.com\/en\/my-account\/#breadcrumb","itemListElement":[{"@type":"ListItem","position":1,"name":"Accueil","item":"https:\/\/namazme.com\/en\/home\/"},{"@type":"ListItem","position":2,"name":"My account"}]},{"@type":"WebSite","@id":"https:\/\/namazme.com\/en\/#website","url":"https:\/\/namazme.com\/en\/","name":"Namazm\u00e9","description":"\u00c9toles 100% Cachemire, 100% Laine","publisher":{"@id":"https:\/\/namazme.com\/en\/#organization"},"alternateName":"namazm\u00e9","potentialAction":[{"@type":"SearchAction","target":{"@type":"EntryPoint","urlTemplate":"https:\/\/namazme.com\/en\/?s={search_term_string}"},"query-input":{"@type":"PropertyValueSpecification","valueRequired":true,"valueName":"search_term_string"}}],"inLanguage":"en-US"},{"@type":"Organization","@id":"https:\/\/namazme.com\/en\/#organization","name":"Namazm\u00e9","alternateName":"namazme","url":"https:\/\/namazme.com\/en\/","logo":{"@type":"ImageObject","inLanguage":"en-US","@id":"https:\/\/namazme.com\/en\/#\/schema\/logo\/image\/","url":"https:\/\/namazme.com\/wp-content\/uploads\/2023\/11\/namazme-icone-380px-carre-Noir.png","contentUrl":"https:\/\/namazme.com\/wp-content\/uploads\/2023\/11\/namazme-icone-380px-carre-Noir.png","width":380,"height":380,"caption":"Namazm\u00e9"},"image":{"@id":"https:\/\/namazme.com\/en\/#\/schema\/logo\/image\/"},"sameAs":["https:\/\/www.facebook.com\/namazme.shop","https:\/\/www.instagram.com\/namazme.shop","https:\/\/www.pinterest.fr\/Namazme\/"]}]}},"_links":{"self":[{"href":"https:\/\/namazme.com\/en\/wp-json\/wp\/v2\/pages\/1157","targetHints":{"allow":["GET"]}}],"collection":[{"href":"https:\/\/namazme.com\/en\/wp-json\/wp\/v2\/pages"}],"about":[{"href":"https:\/\/namazme.com\/en\/wp-json\/wp\/v2\/types\/page"}],"author":[{"embeddable":true,"href":"https:\/\/namazme.com\/en\/wp-json\/wp\/v2\/users\/1"}],"replies":[{"embeddable":true,"href":"https:\/\/namazme.com\/en\/wp-json\/wp\/v2\/comments?post=1157"}],"version-history":[{"count":2,"href":"https:\/\/namazme.com\/en\/wp-json\/wp\/v2\/pages\/1157\/revisions"}],"predecessor-version":[{"id":2320,"href":"https:\/\/namazme.com\/en\/wp-json\/wp\/v2\/pages\/1157\/revisions\/2320"}],"wp:attachment":[{"href":"https:\/\/namazme.com\/en\/wp-json\/wp\/v2\/media?parent=1157"}],"curies":[{"name":"wp","href":"https:\/\/api.w.org\/{rel}","templated":true}]}}