{"id":1280,"date":"2023-11-16T21:42:36","date_gmt":"2023-11-16T20:42:36","guid":{"rendered":"https:\/\/namazme.com\/contact\/"},"modified":"2025-05-09T12:39:05","modified_gmt":"2025-05-09T10:39:05","slug":"contact","status":"publish","type":"page","link":"https:\/\/namazme.com\/en\/contact\/","title":{"rendered":"Contact"},"content":{"rendered":"<p>[et_pb_section fb_built=&#8221;1&#8243; admin_label=&#8221;RSVP&#8221; _builder_version=&#8221;4.23&#8243; _module_preset=&#8221;default&#8221; use_background_color_gradient=&#8221;on&#8221; background_color_gradient_stops=&#8221;rgba(255,255,255,0) 10%|#ffffff 70%&#8221; background_color_gradient_overlays_image=&#8221;on&#8221; background_image=&#8221;https:\/\/namazme.com\/wp-content\/uploads\/2023\/10\/kaleidoscope-namazme_v2.png&#8221; background_size=&#8221;initial&#8221; background_repeat=&#8221;repeat&#8221; collapsed=&#8221;on&#8221; global_colors_info=&#8221;{}&#8221;][et_pb_row custom_padding_last_edited=&#8221;on|desktop&#8221; _builder_version=&#8221;4.23&#8243; _module_preset=&#8221;default&#8221; background_color=&#8221;#FFFFFF&#8221; custom_padding=&#8221;90px|165px|90px|165px|true|true&#8221; custom_padding_tablet=&#8221;30px|30px|30px|30px|true|true&#8221; custom_padding_phone=&#8221;20px|20px|20px|20px|true|true&#8221; border_width_all=&#8221;1px&#8221; border_color_all=&#8221;#b0a06c&#8221; global_colors_info=&#8221;{}&#8221;][et_pb_column type=&#8221;4_4&#8243; _builder_version=&#8221;4.18.0&#8243; _module_preset=&#8221;default&#8221; global_colors_info=&#8221;{}&#8221;][et_pb_text _builder_version=&#8221;4.23&#8243; _module_preset=&#8221;c16985e1-e0d6-4022-964d-e2bfc04fa633&#8243; header_font=&#8221;Cormorant Garamond|500|||||||&#8221; header_text_color=&#8221;gcid-f9263e8f-2107-49f5-ba75-c9d329a43ae4&#8243; header_font_size=&#8221;100px&#8221; header_line_height=&#8221;1.1em&#8221; text_orientation=&#8221;center&#8221; custom_margin=&#8221;||10px||false|false&#8221; header_font_size_tablet=&#8221;40px&#8221; header_font_size_phone=&#8221;32px&#8221; header_font_size_last_edited=&#8221;on|phone&#8221; global_colors_info=&#8221;{%22gcid-f9263e8f-2107-49f5-ba75-c9d329a43ae4%22:%91%22header_text_color%22%93}&#8221;]<\/p>\n<h1><span style=\"color: #b0a06c;\">CONTACT<\/span><\/h1>\n<p>[\/et_pb_text][et_pb_text _builder_version=&#8221;4.23&#8243; _module_preset=&#8221;aaa7c440-590a-4078-ae0c-0f3c699ac51c&#8221; header_font=&#8221;||||||||&#8221; header_3_font=&#8221;Cormorant Garamond|600|||||||&#8221; header_3_font_size=&#8221;36px&#8221; header_3_line_height=&#8221;1.2em&#8221; text_orientation=&#8221;center&#8221; custom_margin=&#8221;||0px||false|false&#8221; hover_enabled=&#8221;0&#8243; header_3_font_size_tablet=&#8221;20px&#8221; header_3_font_size_phone=&#8221;16px&#8221; header_3_font_size_last_edited=&#8221;on|phone&#8221; global_colors_info=&#8221;{}&#8221; sticky_enabled=&#8221;0&#8243;]<\/p>\n<h3>please complete the form below<\/h3>\n<p>[\/et_pb_text][et_pb_text _builder_version=&#8221;4.24.2&#8243; _module_preset=&#8221;default&#8221; hover_enabled=&#8221;0&#8243; sticky_enabled=&#8221;0&#8243;]<\/p>\n<p style=\"text-align: center;\">(For all return requests, please use the appropriate form by <a href=\"https:\/\/namazme.com\/en\/return\/\">clicking here<\/a>)<\/p>\n<p>[\/et_pb_text][et_pb_contact_form use_spam_service=&#8221;on&#8221; recaptcha_list=&#8221;recaptcha Google namazme|recaptcha Google namazme-0&#8243; email=&#8221;contact@namazme.com&#8221; custom_message=&#8221;NAME ||et_pb_line_break_holder||%%name%%||et_pb_line_break_holder||||et_pb_line_break_holder||PRENOM ||et_pb_line_break_holder|%%surname%%||et_pb_line_break_holder||||et_pb_line_break_holder||EMAIL|et_pb_line_break_holder||%%Email%%||et_pb_line_break_holder||||et_pb_line_break_holder| TELEPHONE ||et_pb_line_break_holder|%%phone%%||et_pb_line_break_holder||||et_pb_line_break_holder||MESSAGE ||et_pb_line_break_holder||%%message%%&#8221; submit_button_text=&#8221;Send&#8221; _builder_version=&#8221;4.23.4&#8243; _module_preset=&#8221;5f451234-b662-41cf-8ad7-48c40d2afa7f&#8221; _unique_id=&#8221;37352547-b97b-4413-85e2-b00056b20234&#8243; form_field_background_color=&#8221;RGBA(255,255,255,0)&#8221; form_field_text_color=&#8221;gcid-dde5a108-6ff0-4332-95cd-17313c181436&#8243; form_field_custom_padding=&#8221;14px|20px|14px|20px|true|true&#8221; form_field_font=&#8221;Raleway||||||||&#8221; form_field_font_size=&#8221;16px&#8221; custom_padding=&#8221;||43px|||&#8221; form_field_font_size_tablet=&#8221;15px&#8221; form_field_font_size_phone=&#8221;14px&#8221; form_field_font_size_last_edited=&#8221;on|desktop&#8221; border_width_all=&#8221;1px&#8221; locked=&#8221;off&#8221; global_colors_info=&#8221;{%22gcid-dde5a108-6ff0-4332-95cd-17313c181436%22:%91%22button_bg_color%22,%22form_field_text_color%22%93}&#8221;][et_pb_contact_field field_id=&#8221;Name&#8221; field_title=&#8221;Name&#8221; fullwidth_field=&#8221;on&#8221; _builder_version=&#8221;4.23&#8243; _module_preset=&#8221;default&#8221; global_colors_info=&#8221;{}&#8221; button_text_size__hover_enabled=&#8221;off&#8221; button_one_text_size__hover_enabled=&#8221;off&#8221; button_two_text_size__hover_enabled=&#8221;off&#8221; button_text_color__hover_enabled=&#8221;off&#8221; button_one_text_color__hover_enabled=&#8221;off&#8221; button_two_text_color__hover_enabled=&#8221;off&#8221; button_border_width__hover_enabled=&#8221;off&#8221; button_one_border_width__hover_enabled=&#8221;off&#8221; button_two_border_width__hover_enabled=&#8221;off&#8221; button_border_color__hover_enabled=&#8221;off&#8221; button_one_border_color__hover_enabled=&#8221;off&#8221; button_two_border_color__hover_enabled=&#8221;off&#8221; button_border_radius__hover_enabled=&#8221;off&#8221; button_one_border_radius__hover_enabled=&#8221;off&#8221; button_two_border_radius__hover_enabled=&#8221;off&#8221; button_letter_spacing__hover_enabled=&#8221;off&#8221; button_one_letter_spacing__hover_enabled=&#8221;off&#8221; button_two_letter_spacing__hover_enabled=&#8221;off&#8221; button_bg_color__hover_enabled=&#8221;off&#8221; button_one_bg_color__hover_enabled=&#8221;off&#8221; button_two_bg_color__hover_enabled=&#8221;off&#8221;][\/et_pb_contact_field][et_pb_contact_field field_id=&#8221;Surname&#8221; field_title=&#8221;First name&#8221; fullwidth_field=&#8221;on&#8221; _builder_version=&#8221;4.23&#8243; _module_preset=&#8221;default&#8221; global_colors_info=&#8221;{}&#8221; button_text_size__hover_enabled=&#8221;off&#8221; button_one_text_size__hover_enabled=&#8221;off&#8221; button_two_text_size__hover_enabled=&#8221;off&#8221; button_text_color__hover_enabled=&#8221;off&#8221; button_one_text_color__hover_enabled=&#8221;off&#8221; button_two_text_color__hover_enabled=&#8221;off&#8221; button_border_width__hover_enabled=&#8221;off&#8221; button_one_border_width__hover_enabled=&#8221;off&#8221; button_two_border_width__hover_enabled=&#8221;off&#8221; button_border_color__hover_enabled=&#8221;off&#8221; button_one_border_color__hover_enabled=&#8221;off&#8221; button_two_border_color__hover_enabled=&#8221;off&#8221; button_border_radius__hover_enabled=&#8221;off&#8221; button_one_border_radius__hover_enabled=&#8221;off&#8221; button_two_border_radius__hover_enabled=&#8221;off&#8221; button_letter_spacing__hover_enabled=&#8221;off&#8221; button_one_letter_spacing__hover_enabled=&#8221;off&#8221; button_two_letter_spacing__hover_enabled=&#8221;off&#8221; button_bg_color__hover_enabled=&#8221;off&#8221; button_one_bg_color__hover_enabled=&#8221;off&#8221; button_two_bg_color__hover_enabled=&#8221;off&#8221;][\/et_pb_contact_field][et_pb_contact_field field_id=&#8221;Email&#8221; field_title=&#8221;Email&#8221; field_type=&#8221;email&#8221; fullwidth_field=&#8221;on&#8221; _builder_version=&#8221;4.23&#8243; _module_preset=&#8221;default&#8221; global_colors_info=&#8221;{}&#8221; button_text_size__hover_enabled=&#8221;off&#8221; button_one_text_size__hover_enabled=&#8221;off&#8221; button_two_text_size__hover_enabled=&#8221;off&#8221; button_text_color__hover_enabled=&#8221;off&#8221; button_one_text_color__hover_enabled=&#8221;off&#8221; button_two_text_color__hover_enabled=&#8221;off&#8221; button_border_width__hover_enabled=&#8221;off&#8221; button_one_border_width__hover_enabled=&#8221;off&#8221; button_two_border_width__hover_enabled=&#8221;off&#8221; button_border_color__hover_enabled=&#8221;off&#8221; button_one_border_color__hover_enabled=&#8221;off&#8221; button_two_border_color__hover_enabled=&#8221;off&#8221; button_border_radius__hover_enabled=&#8221;off&#8221; button_one_border_radius__hover_enabled=&#8221;off&#8221; button_two_border_radius__hover_enabled=&#8221;off&#8221; button_letter_spacing__hover_enabled=&#8221;off&#8221; button_one_letter_spacing__hover_enabled=&#8221;off&#8221; button_two_letter_spacing__hover_enabled=&#8221;off&#8221; button_bg_color__hover_enabled=&#8221;off&#8221; button_one_bg_color__hover_enabled=&#8221;off&#8221; button_two_bg_color__hover_enabled=&#8221;off&#8221;][\/et_pb_contact_field][et_pb_contact_field field_id=&#8221;Phone&#8221; field_title=&#8221;Phone&#8221; fullwidth_field=&#8221;on&#8221; _builder_version=&#8221;4.23&#8243; _module_preset=&#8221;default&#8221; global_colors_info=&#8221;{}&#8221;][\/et_pb_contact_field][et_pb_contact_field field_id=&#8221;Message&#8221; field_title=&#8221;Message&#8221; field_type=&#8221;text&#8221; fullwidth_field=&#8221;on&#8221; _builder_version=&#8221;4.16&#8243; _module_preset=&#8221;default&#8221; global_colors_info=&#8221;{}&#8221; button_text_size__hover_enabled=&#8221;off&#8221; button_one_text_size__hover_enabled=&#8221;off&#8221; button_two_text_size__hover_enabled=&#8221;off&#8221; button_text_color__hover_enabled=&#8221;off&#8221; button_one_text_color__hover_enabled=&#8221;off&#8221; button_two_text_color__hover_enabled=&#8221;off&#8221; button_border_width__hover_enabled=&#8221;off&#8221; button_one_border_width__hover_enabled=&#8221;off&#8221; button_two_border_width__hover_enabled=&#8221;off&#8221; button_border_color__hover_enabled=&#8221;off&#8221; button_one_border_color__hover_enabled=&#8221;off&#8221; button_two_border_color__hover_enabled=&#8221;off&#8221; button_border_radius__hover_enabled=&#8221;off&#8221; button_one_border_radius__hover_enabled=&#8221;off&#8221; button_two_border_radius__hover_enabled=&#8221;off&#8221; button_letter_spacing__hover_enabled=&#8221;off&#8221; button_one_letter_spacing__hover_enabled=&#8221;off&#8221; button_two_letter_spacing__hover_enabled=&#8221;off&#8221; button_bg_color__hover_enabled=&#8221;off&#8221; button_one_bg_color__hover_enabled=&#8221;off&#8221; button_two_bg_color__hover_enabled=&#8221;off&#8221;][\/et_pb_contact_field][\/et_pb_contact_form][et_pb_code _builder_version=&#8221;4.23&#8243; _module_preset=&#8221;default&#8221; global_colors_info=&#8221;{}&#8221;][\/et_pb_code][et_pb_code _builder_version=&#8221;4.23&#8243; _module_preset=&#8221;default&#8221; global_colors_info=&#8221;{}&#8221;][\/et_pb_code][et_pb_text _builder_version=&#8221;4.23&#8243; _module_preset=&#8221;default&#8221; global_colors_info=&#8221;{}&#8221;]<\/p>\n<p style=\"text-align: center;\">We aim to respond to messages within 24\/48 hours (excluding weekends and public holidays).<br \/>However, depending on the period, processing can take up to 4\/5 days.<\/p>\n<p>[\/et_pb_text][\/et_pb_column][\/et_pb_row][\/et_pb_section][et_pb_section fb_built=&#8221;1&#8243; admin_label=&#8221;Footer 2&#8243; _builder_version=&#8221;4.18.0&#8243; _module_preset=&#8221;default&#8221; custom_padding=&#8221;0px||0px||true|false&#8221; saved_tabs=&#8221;all&#8221; collapsed=&#8221;on&#8221; global_colors_info=&#8221;{}&#8221;][et_pb_row _builder_version=&#8221;4.18.0&#8243; _module_preset=&#8221;default&#8221; custom_padding=&#8221;||0px||false|false&#8221; global_colors_info=&#8221;{}&#8221;][et_pb_column type=&#8221;4_4&#8243; _builder_version=&#8221;4.18.0&#8243; _module_preset=&#8221;default&#8221; global_colors_info=&#8221;{}&#8221;][et_pb_image src=&#8221;https:\/\/namazme.com\/wp-content\/uploads\/2023\/11\/namazme-luxe-logo-Z.png&#8221; title_text=&#8221;namazme-luxe-logo-Z&#8221; align=&#8221;center&#8221; _builder_version=&#8221;4.23.1&#8243; _module_preset=&#8221;default&#8221; custom_padding=&#8221;||30px|||&#8221; global_colors_info=&#8221;{}&#8221;][\/et_pb_image][\/et_pb_column][\/et_pb_row][\/et_pb_section]<\/p>\n","protected":false},"excerpt":{"rendered":"<p>CONTACTplease complete the form below(For all return requests, please use the appropriate form by clicking here)We aim to respond to messages within 24\/48 hours (excluding weekends and public holidays).However, depending on the period, processing can take up to 4\/5 days.<\/p>\n","protected":false},"author":1,"featured_media":0,"parent":0,"menu_order":0,"comment_status":"closed","ping_status":"closed","template":"","meta":{"_et_pb_use_builder":"on","_et_pb_old_content":"","_et_gb_content_width":"","footnotes":""},"class_list":["post-1280","page","type-page","status-publish","hentry"],"yoast_head":"<!-- This site is optimized with the Yoast SEO plugin v27.4 - https:\/\/yoast.com\/product\/yoast-seo-wordpress\/ -->\n<title>Namazm\u00e9 | % Contact<\/title>\n<meta name=\"description\" content=\"\u00c9toles 100% Cachemire, 100% Laine, toute la collection namazm\u00e9 est issue des meilleures fibres soigneusement d\u00e9nich\u00e9es.\" \/>\n<meta name=\"robots\" content=\"index, follow, max-snippet:-1, max-image-preview:large, max-video-preview:-1\" \/>\n<link rel=\"canonical\" href=\"https:\/\/namazme.com\/en\/contact\/\" \/>\n<meta property=\"og:locale\" content=\"en_US\" \/>\n<meta property=\"og:type\" content=\"article\" \/>\n<meta property=\"og:title\" content=\"Namazm\u00e9 | % Contact\" \/>\n<meta property=\"og:description\" content=\"\u00c9toles 100% Cachemire, 100% Laine, toute la collection namazm\u00e9 est issue des meilleures fibres soigneusement d\u00e9nich\u00e9es.\" \/>\n<meta property=\"og:url\" content=\"https:\/\/namazme.com\/en\/contact\/\" \/>\n<meta property=\"og:site_name\" content=\"Namazm\u00e9\" \/>\n<meta property=\"article:publisher\" content=\"https:\/\/www.facebook.com\/namazme.shop\" \/>\n<meta property=\"article:modified_time\" content=\"2025-05-09T10:39:05+00:00\" \/>\n<meta name=\"twitter:card\" content=\"summary_large_image\" \/>\n<meta name=\"twitter:label1\" content=\"Est. reading time\" \/>\n\t<meta name=\"twitter:data1\" content=\"7 minutes\" \/>\n<script type=\"application\/ld+json\" class=\"yoast-schema-graph\">{\"@context\":\"https:\\\/\\\/schema.org\",\"@graph\":[{\"@type\":\"WebPage\",\"@id\":\"https:\\\/\\\/namazme.com\\\/en\\\/contact\\\/\",\"url\":\"https:\\\/\\\/namazme.com\\\/en\\\/contact\\\/\",\"name\":\"Namazm\u00e9 | % Contact\",\"isPartOf\":{\"@id\":\"https:\\\/\\\/namazme.com\\\/en\\\/#website\"},\"datePublished\":\"2023-11-16T20:42:36+00:00\",\"dateModified\":\"2025-05-09T10:39:05+00:00\",\"description\":\"\u00c9toles 100% Cachemire, 100% Laine, toute la collection namazm\u00e9 est issue des meilleures fibres soigneusement d\u00e9nich\u00e9es.\",\"breadcrumb\":{\"@id\":\"https:\\\/\\\/namazme.com\\\/en\\\/contact\\\/#breadcrumb\"},\"inLanguage\":\"en-US\",\"potentialAction\":[{\"@type\":\"ReadAction\",\"target\":[\"https:\\\/\\\/namazme.com\\\/en\\\/contact\\\/\"]}]},{\"@type\":\"BreadcrumbList\",\"@id\":\"https:\\\/\\\/namazme.com\\\/en\\\/contact\\\/#breadcrumb\",\"itemListElement\":[{\"@type\":\"ListItem\",\"position\":1,\"name\":\"Accueil\",\"item\":\"https:\\\/\\\/namazme.com\\\/en\\\/home\\\/\"},{\"@type\":\"ListItem\",\"position\":2,\"name\":\"Contact\"}]},{\"@type\":\"WebSite\",\"@id\":\"https:\\\/\\\/namazme.com\\\/en\\\/#website\",\"url\":\"https:\\\/\\\/namazme.com\\\/en\\\/\",\"name\":\"Namazm\u00e9\",\"description\":\"\u00c9toles 100% Cachemire, 100% Laine\",\"publisher\":{\"@id\":\"https:\\\/\\\/namazme.com\\\/en\\\/#organization\"},\"alternateName\":\"namazm\u00e9\",\"potentialAction\":[{\"@type\":\"SearchAction\",\"target\":{\"@type\":\"EntryPoint\",\"urlTemplate\":\"https:\\\/\\\/namazme.com\\\/en\\\/?s={search_term_string}\"},\"query-input\":{\"@type\":\"PropertyValueSpecification\",\"valueRequired\":true,\"valueName\":\"search_term_string\"}}],\"inLanguage\":\"en-US\"},{\"@type\":\"Organization\",\"@id\":\"https:\\\/\\\/namazme.com\\\/en\\\/#organization\",\"name\":\"Namazm\u00e9\",\"alternateName\":\"namazme\",\"url\":\"https:\\\/\\\/namazme.com\\\/en\\\/\",\"logo\":{\"@type\":\"ImageObject\",\"inLanguage\":\"en-US\",\"@id\":\"https:\\\/\\\/namazme.com\\\/en\\\/#\\\/schema\\\/logo\\\/image\\\/\",\"url\":\"https:\\\/\\\/namazme.com\\\/wp-content\\\/uploads\\\/2023\\\/11\\\/namazme-icone-380px-carre-Noir.png\",\"contentUrl\":\"https:\\\/\\\/namazme.com\\\/wp-content\\\/uploads\\\/2023\\\/11\\\/namazme-icone-380px-carre-Noir.png\",\"width\":380,\"height\":380,\"caption\":\"Namazm\u00e9\"},\"image\":{\"@id\":\"https:\\\/\\\/namazme.com\\\/en\\\/#\\\/schema\\\/logo\\\/image\\\/\"},\"sameAs\":[\"https:\\\/\\\/www.facebook.com\\\/namazme.shop\",\"https:\\\/\\\/www.instagram.com\\\/namazme.shop\",\"https:\\\/\\\/www.pinterest.fr\\\/Namazme\\\/\"]}]}<\/script>\n<!-- \/ Yoast SEO plugin. -->","yoast_head_json":{"title":"Namazm\u00e9 | % Contact","description":"\u00c9toles 100% Cachemire, 100% Laine, toute la collection namazm\u00e9 est issue des meilleures fibres soigneusement d\u00e9nich\u00e9es.","robots":{"index":"index","follow":"follow","max-snippet":"max-snippet:-1","max-image-preview":"max-image-preview:large","max-video-preview":"max-video-preview:-1"},"canonical":"https:\/\/namazme.com\/en\/contact\/","og_locale":"en_US","og_type":"article","og_title":"Namazm\u00e9 | % Contact","og_description":"\u00c9toles 100% Cachemire, 100% Laine, toute la collection namazm\u00e9 est issue des meilleures fibres soigneusement d\u00e9nich\u00e9es.","og_url":"https:\/\/namazme.com\/en\/contact\/","og_site_name":"Namazm\u00e9","article_publisher":"https:\/\/www.facebook.com\/namazme.shop","article_modified_time":"2025-05-09T10:39:05+00:00","twitter_card":"summary_large_image","twitter_misc":{"Est. reading time":"7 minutes"},"schema":{"@context":"https:\/\/schema.org","@graph":[{"@type":"WebPage","@id":"https:\/\/namazme.com\/en\/contact\/","url":"https:\/\/namazme.com\/en\/contact\/","name":"Namazm\u00e9 | % Contact","isPartOf":{"@id":"https:\/\/namazme.com\/en\/#website"},"datePublished":"2023-11-16T20:42:36+00:00","dateModified":"2025-05-09T10:39:05+00:00","description":"\u00c9toles 100% Cachemire, 100% Laine, toute la collection namazm\u00e9 est issue des meilleures fibres soigneusement d\u00e9nich\u00e9es.","breadcrumb":{"@id":"https:\/\/namazme.com\/en\/contact\/#breadcrumb"},"inLanguage":"en-US","potentialAction":[{"@type":"ReadAction","target":["https:\/\/namazme.com\/en\/contact\/"]}]},{"@type":"BreadcrumbList","@id":"https:\/\/namazme.com\/en\/contact\/#breadcrumb","itemListElement":[{"@type":"ListItem","position":1,"name":"Accueil","item":"https:\/\/namazme.com\/en\/home\/"},{"@type":"ListItem","position":2,"name":"Contact"}]},{"@type":"WebSite","@id":"https:\/\/namazme.com\/en\/#website","url":"https:\/\/namazme.com\/en\/","name":"Namazm\u00e9","description":"\u00c9toles 100% Cachemire, 100% Laine","publisher":{"@id":"https:\/\/namazme.com\/en\/#organization"},"alternateName":"namazm\u00e9","potentialAction":[{"@type":"SearchAction","target":{"@type":"EntryPoint","urlTemplate":"https:\/\/namazme.com\/en\/?s={search_term_string}"},"query-input":{"@type":"PropertyValueSpecification","valueRequired":true,"valueName":"search_term_string"}}],"inLanguage":"en-US"},{"@type":"Organization","@id":"https:\/\/namazme.com\/en\/#organization","name":"Namazm\u00e9","alternateName":"namazme","url":"https:\/\/namazme.com\/en\/","logo":{"@type":"ImageObject","inLanguage":"en-US","@id":"https:\/\/namazme.com\/en\/#\/schema\/logo\/image\/","url":"https:\/\/namazme.com\/wp-content\/uploads\/2023\/11\/namazme-icone-380px-carre-Noir.png","contentUrl":"https:\/\/namazme.com\/wp-content\/uploads\/2023\/11\/namazme-icone-380px-carre-Noir.png","width":380,"height":380,"caption":"Namazm\u00e9"},"image":{"@id":"https:\/\/namazme.com\/en\/#\/schema\/logo\/image\/"},"sameAs":["https:\/\/www.facebook.com\/namazme.shop","https:\/\/www.instagram.com\/namazme.shop","https:\/\/www.pinterest.fr\/Namazme\/"]}]}},"_links":{"self":[{"href":"https:\/\/namazme.com\/en\/wp-json\/wp\/v2\/pages\/1280","targetHints":{"allow":["GET"]}}],"collection":[{"href":"https:\/\/namazme.com\/en\/wp-json\/wp\/v2\/pages"}],"about":[{"href":"https:\/\/namazme.com\/en\/wp-json\/wp\/v2\/types\/page"}],"author":[{"embeddable":true,"href":"https:\/\/namazme.com\/en\/wp-json\/wp\/v2\/users\/1"}],"replies":[{"embeddable":true,"href":"https:\/\/namazme.com\/en\/wp-json\/wp\/v2\/comments?post=1280"}],"version-history":[{"count":3,"href":"https:\/\/namazme.com\/en\/wp-json\/wp\/v2\/pages\/1280\/revisions"}],"predecessor-version":[{"id":2315,"href":"https:\/\/namazme.com\/en\/wp-json\/wp\/v2\/pages\/1280\/revisions\/2315"}],"wp:attachment":[{"href":"https:\/\/namazme.com\/en\/wp-json\/wp\/v2\/media?parent=1280"}],"curies":[{"name":"wp","href":"https:\/\/api.w.org\/{rel}","templated":true}]}}